{"id":23,"date":"2020-01-07T00:46:02","date_gmt":"2020-01-06T23:46:02","guid":{"rendered":"https:\/\/cumlosen.de\/?page_id=23"},"modified":"2020-12-16T02:07:11","modified_gmt":"2020-12-16T01:07:11","slug":"die-gemeinde-cumlosen-stell-sich-vor","status":"publish","type":"page","link":"https:\/\/cumlosen.de\/","title":{"rendered":"Die Gemeinde Cumlosen stellt sich vor."},"content":{"rendered":"\n<div class=\"wp-block-columns is-layout-flex wp-container-core-columns-is-layout-4 wp-block-columns-is-layout-flex\">\n<div class=\"wp-block-column is-layout-flow wp-block-column-is-layout-flow\" style=\"flex-basis:100%\">\n<div class=\"wp-block-columns is-layout-flex wp-container-core-columns-is-layout-3 wp-block-columns-is-layout-flex\">\n<div class=\"wp-block-column is-layout-flow wp-block-column-is-layout-flow\" style=\"flex-basis:100%\">\n<div class=\"wp-block-columns is-layout-flex wp-container-core-columns-is-layout-2 wp-block-columns-is-layout-flex\">\n<div class=\"wp-block-column is-layout-flow wp-block-column-is-layout-flow\" style=\"flex-basis:100%\">\n<div class=\"wp-block-columns is-layout-flex wp-container-core-columns-is-layout-1 wp-block-columns-is-layout-flex\">\n<div class=\"wp-block-column is-layout-flow wp-block-column-is-layout-flow\" style=\"flex-basis:33.33%\">\n<figure class=\"wp-block-image size-large\"><img decoding=\"async\" width=\"169\" height=\"220\" src=\"https:\/\/cumlosen.de\/wp-content\/uploads\/2020\/01\/favicon.ico\" alt=\"\" class=\"wp-image-5\"\/><\/figure>\n<\/div>\n\n\n\n<div class=\"wp-block-column is-layout-flow wp-block-column-is-layout-flow\" style=\"flex-basis:66.66%\"><\/div>\n<\/div>\n\n\n\n<p>Cumlosen ist eine zum Amt-Lenzen-Elbtalaue geh\u00f6rende Gemeinde eines einheitlichen Natur-, Wirtschafts- und Kulturraumes zwischen D\u00f6mitz und Wittenberge im \u00e4u\u00dfersten Nordwesten Brandenburgs.<\/p>\n<p>Ein Dorf in der Mitte Deutschlands. Eine herrliche Region mit den Seen und Bracks, der Natur und Kultur und der Einmaligkeit mitten in Wiesen und W\u00e4ldern.<\/p>\n<p>Cumlosen liegt an der Elbe auf halbem Weg zwischen Berlin und Hamburg in der Prignitz.<\/p>\n<p>Der Ort liegt am Elberadweg und hat ein reges Vereinsleben. Die Interessen sind vielseitig: Kultur, Sport, Bootsclub, Eisbaden, Feuerwehr.<\/p>\n<\/div>\n<\/div>\n<\/div>\n<\/div>\n<\/div>\n<\/div>\n","protected":false},"excerpt":{"rendered":"<p>Cumlosen ist eine zum Amt-Lenzen-Elbtalaue geh\u00f6rende Gemeinde eines einheitlichen Natur-, Wirtschafts- und Kulturraumes zwischen D\u00f6mitz und Wittenberge im \u00e4u\u00dfersten Nordwesten Brandenburgs. Ein Dorf in der Mitte Deutschlands. Eine herrliche Region mit den Seen und Bracks, der Natur und Kultur und der Einmaligkeit mitten in Wiesen und W\u00e4ldern. Cumlosen liegt an der Elbe auf halbem Weg [&hellip;]<\/p>\n","protected":false},"author":1,"featured_media":0,"parent":0,"menu_order":0,"comment_status":"closed","ping_status":"closed","template":"","meta":{"footnotes":""},"class_list":["post-23","page","type-page","status-publish","hentry"],"_links":{"self":[{"href":"https:\/\/cumlosen.de\/index.php?rest_route=\/wp\/v2\/pages\/23"}],"collection":[{"href":"https:\/\/cumlosen.de\/index.php?rest_route=\/wp\/v2\/pages"}],"about":[{"href":"https:\/\/cumlosen.de\/index.php?rest_route=\/wp\/v2\/types\/page"}],"author":[{"embeddable":true,"href":"https:\/\/cumlosen.de\/index.php?rest_route=\/wp\/v2\/users\/1"}],"replies":[{"embeddable":true,"href":"https:\/\/cumlosen.de\/index.php?rest_route=%2Fwp%2Fv2%2Fcomments&post=23"}],"version-history":[{"count":10,"href":"https:\/\/cumlosen.de\/index.php?rest_route=\/wp\/v2\/pages\/23\/revisions"}],"predecessor-version":[{"id":80,"href":"https:\/\/cumlosen.de\/index.php?rest_route=\/wp\/v2\/pages\/23\/revisions\/80"}],"wp:attachment":[{"href":"https:\/\/cumlosen.de\/index.php?rest_route=%2Fwp%2Fv2%2Fmedia&parent=23"}],"curies":[{"name":"wp","href":"https:\/\/api.w.org\/{rel}","templated":true}]}}